{"id":13683,"date":"2025-12-12T16:13:18","date_gmt":"2025-12-12T22:13:18","guid":{"rendered":"https:\/\/hotelchablis.com\/?page_id=13683"},"modified":"2025-12-23T12:07:22","modified_gmt":"2025-12-23T18:07:22","slug":"contacto","status":"publish","type":"page","link":"https:\/\/hotelchablis.com\/en\/contacto\/","title":{"rendered":"contacto"},"content":{"rendered":"\t\t<div data-elementor-type=\"wp-page\" data-elementor-id=\"13683\" class=\"elementor elementor-13683\" data-elementor-post-type=\"page\">\n\t\t\t\t<div class=\"elementor-element elementor-element-0c9c6f8 e-flex e-con-boxed e-con e-parent\" data-id=\"0c9c6f8\" data-element_type=\"container\" data-e-type=\"container\" id=\"form\">\n\t\t\t\t\t<div class=\"e-con-inner\">\n\t\t<div class=\"elementor-element elementor-element-9ac6c09 e-con-full e-flex e-con e-child\" data-id=\"9ac6c09\" data-element_type=\"container\" data-e-type=\"container\">\n\t\t<div class=\"elementor-element elementor-element-82a93b6 e-con-full e-flex e-con e-child\" data-id=\"82a93b6\" data-element_type=\"container\" data-e-type=\"container\">\n\t\t\t\t<div class=\"elementor-element elementor-element-9108051 elementor-widget elementor-widget-heading\" data-id=\"9108051\" data-element_type=\"widget\" data-e-type=\"widget\" data-widget_type=\"heading.default\">\n\t\t\t\t\t<h3 class=\"elementor-heading-title elementor-size-default\">Tu pr\u00f3xima experiencia en Palenque comienza aqu\u00ed <\/h3>\t\t\t\t<\/div>\n\t\t\t\t<div class=\"elementor-element elementor-element-5df637c elementor-widget__width-initial elementor-widget-mobile__width-inherit elementor-widget elementor-widget-text-editor\" data-id=\"5df637c\" data-element_type=\"widget\" data-e-type=\"widget\" data-widget_type=\"text-editor.default\">\n\t\t\t\t\t\t\t\t\t<p>Estamos para asesorarte. Escr\u00edbenos\u00a0un mensaje por medio de nuestro formulario de contacto:<\/p>\t\t\t\t\t\t\t\t<\/div>\n\t\t\t\t<\/div>\n\t\t<div class=\"elementor-element elementor-element-2af4455 e-con-full e-flex e-con e-child\" data-id=\"2af4455\" data-element_type=\"container\" data-e-type=\"container\">\n\t\t<div class=\"elementor-element elementor-element-a1196c9 e-con-full e-flex e-con e-child\" data-id=\"a1196c9\" data-element_type=\"container\" data-e-type=\"container\">\n\t\t<div class=\"elementor-element elementor-element-7a54958 e-con-full e-flex e-con e-child\" data-id=\"7a54958\" data-element_type=\"container\" data-e-type=\"container\">\n\t\t\t\t<div class=\"elementor-element elementor-element-c717274 elementor-widget__width-auto elementor-widget elementor-widget-image\" data-id=\"c717274\" data-element_type=\"widget\" data-e-type=\"widget\" data-widget_type=\"image.default\">\n\t\t\t\t\t\t\t\t\t\t\t\t\t\t\t<img fetchpriority=\"high\" decoding=\"async\" width=\"267\" height=\"267\" src=\"https:\/\/hotelchablis.com\/wp-content\/uploads\/2025\/12\/Icono-ubicacion.png\" class=\"attachment-large size-large wp-image-14144\" alt=\"\" srcset=\"https:\/\/hotelchablis.com\/wp-content\/uploads\/2025\/12\/Icono-ubicacion.png 267w, https:\/\/hotelchablis.com\/wp-content\/uploads\/2025\/12\/Icono-ubicacion-12x12.png 12w\" sizes=\"(max-width: 267px) 100vw, 267px\" \/>\t\t\t\t\t\t\t\t\t\t\t\t\t\t\t<\/div>\n\t\t\t\t<\/div>\n\t\t<div class=\"elementor-element elementor-element-a53c080 e-con-full e-flex e-con e-child\" data-id=\"a53c080\" data-element_type=\"container\" data-e-type=\"container\">\n\t\t\t\t<div class=\"elementor-element elementor-element-b13c0c9 elementor-widget elementor-widget-heading\" data-id=\"b13c0c9\" data-element_type=\"widget\" data-e-type=\"widget\" data-widget_type=\"heading.default\">\n\t\t\t\t\t<h3 class=\"elementor-heading-title elementor-size-default\">Ubicaci\u00f3n<\/h3>\t\t\t\t<\/div>\n\t\t\t\t<div class=\"elementor-element elementor-element-a7d7fa1 elementor-widget__width-initial elementor-widget-tablet__width-inherit elementor-widget elementor-widget-text-editor\" data-id=\"a7d7fa1\" data-element_type=\"widget\" data-e-type=\"widget\" data-widget_type=\"text-editor.default\">\n\t\t\t\t\t\t\t\t\t<p><a href=\"https:\/\/maps.app.goo.gl\/iMF4QqPCmfBiwHRh9\" target=\"_blank\" rel=\"noopener\">Merle Green No. 7, Palenque, Chiapas, M\u00e9xico, C.P. 29960.<\/a><\/p>\t\t\t\t\t\t\t\t<\/div>\n\t\t\t\t<\/div>\n\t\t\t\t<\/div>\n\t\t<div class=\"elementor-element elementor-element-ff0c4b2 e-con-full e-flex e-con e-child\" data-id=\"ff0c4b2\" data-element_type=\"container\" data-e-type=\"container\">\n\t\t<div class=\"elementor-element elementor-element-9ea3352 e-con-full e-flex e-con e-child\" data-id=\"9ea3352\" data-element_type=\"container\" data-e-type=\"container\">\n\t\t\t\t<div class=\"elementor-element elementor-element-8dc839d elementor-widget__width-auto elementor-widget elementor-widget-image\" data-id=\"8dc839d\" data-element_type=\"widget\" data-e-type=\"widget\" data-widget_type=\"image.default\">\n\t\t\t\t\t\t\t\t\t\t\t\t\t\t\t<img decoding=\"async\" width=\"267\" height=\"267\" data-src=\"https:\/\/hotelchablis.com\/wp-content\/uploads\/2025\/12\/icono-telefono.png\" class=\"attachment-large size-large wp-image-14142 lazyload\" alt=\"\" data-srcset=\"https:\/\/hotelchablis.com\/wp-content\/uploads\/2025\/12\/icono-telefono.png 267w, https:\/\/hotelchablis.com\/wp-content\/uploads\/2025\/12\/icono-telefono-12x12.png 12w\" data-sizes=\"(max-width: 267px) 100vw, 267px\" src=\"data:image\/svg+xml;base64,PHN2ZyB3aWR0aD0iMSIgaGVpZ2h0PSIxIiB4bWxucz0iaHR0cDovL3d3dy53My5vcmcvMjAwMC9zdmciPjwvc3ZnPg==\" style=\"--smush-placeholder-width: 267px; --smush-placeholder-aspect-ratio: 267\/267;\" \/>\t\t\t\t\t\t\t\t\t\t\t\t\t\t\t<\/div>\n\t\t\t\t<\/div>\n\t\t<div class=\"elementor-element elementor-element-329a924 e-con-full e-flex e-con e-child\" data-id=\"329a924\" data-element_type=\"container\" data-e-type=\"container\">\n\t\t\t\t<div class=\"elementor-element elementor-element-5b4349c elementor-widget elementor-widget-heading\" data-id=\"5b4349c\" data-element_type=\"widget\" data-e-type=\"widget\" data-widget_type=\"heading.default\">\n\t\t\t\t\t<h3 class=\"elementor-heading-title elementor-size-default\">Tel\u00e9fonos<\/h3>\t\t\t\t<\/div>\n\t\t\t\t<div class=\"elementor-element elementor-element-189330e elementor-widget__width-initial elementor-widget elementor-widget-text-editor\" data-id=\"189330e\" data-element_type=\"widget\" data-e-type=\"widget\" data-widget_type=\"text-editor.default\">\n\t\t\t\t\t\t\t\t\t<p><a href=\"tel:+529163450365\">+52 916 345 0365<\/a><\/p><p><a href=\"tel:+529163450870\">+52 916 345 0870<\/a><\/p>\t\t\t\t\t\t\t\t<\/div>\n\t\t\t\t<\/div>\n\t\t\t\t<\/div>\n\t\t<div class=\"elementor-element elementor-element-d21c4a8 e-con-full e-flex e-con e-child\" data-id=\"d21c4a8\" data-element_type=\"container\" data-e-type=\"container\">\n\t\t<div class=\"elementor-element elementor-element-3183b4d e-con-full e-flex e-con e-child\" data-id=\"3183b4d\" data-element_type=\"container\" data-e-type=\"container\">\n\t\t\t\t<div class=\"elementor-element elementor-element-e619bc0 elementor-widget__width-auto elementor-widget elementor-widget-image\" data-id=\"e619bc0\" data-element_type=\"widget\" data-e-type=\"widget\" data-widget_type=\"image.default\">\n\t\t\t\t\t\t\t\t\t\t\t\t\t\t\t<img decoding=\"async\" width=\"267\" height=\"267\" data-src=\"https:\/\/hotelchablis.com\/wp-content\/uploads\/2025\/12\/icono-email.png\" class=\"attachment-large size-large wp-image-14143 lazyload\" alt=\"\" data-srcset=\"https:\/\/hotelchablis.com\/wp-content\/uploads\/2025\/12\/icono-email.png 267w, https:\/\/hotelchablis.com\/wp-content\/uploads\/2025\/12\/icono-email-12x12.png 12w\" data-sizes=\"(max-width: 267px) 100vw, 267px\" src=\"data:image\/svg+xml;base64,PHN2ZyB3aWR0aD0iMSIgaGVpZ2h0PSIxIiB4bWxucz0iaHR0cDovL3d3dy53My5vcmcvMjAwMC9zdmciPjwvc3ZnPg==\" style=\"--smush-placeholder-width: 267px; --smush-placeholder-aspect-ratio: 267\/267;\" \/>\t\t\t\t\t\t\t\t\t\t\t\t\t\t\t<\/div>\n\t\t\t\t<\/div>\n\t\t<div class=\"elementor-element elementor-element-213013e e-con-full e-flex e-con e-child\" data-id=\"213013e\" data-element_type=\"container\" data-e-type=\"container\">\n\t\t\t\t<div class=\"elementor-element elementor-element-37c413e elementor-widget elementor-widget-heading\" data-id=\"37c413e\" data-element_type=\"widget\" data-e-type=\"widget\" data-widget_type=\"heading.default\">\n\t\t\t\t\t<h3 class=\"elementor-heading-title elementor-size-default\">Email<\/h3>\t\t\t\t<\/div>\n\t\t\t\t<div class=\"elementor-element elementor-element-57ef788 elementor-widget__width-initial elementor-widget elementor-widget-text-editor\" data-id=\"57ef788\" data-element_type=\"widget\" data-e-type=\"widget\" data-widget_type=\"text-editor.default\">\n\t\t\t\t\t\t\t\t\t<p><a href=\"mailto:reserva@hotelchablis.com\">reserva@hotelchablis.com<\/a><\/p><p><a href=\"mailto:reservas@hotelchablis.com\">reservas@hotelchablis.com<\/a><\/p>\t\t\t\t\t\t\t\t<\/div>\n\t\t\t\t<\/div>\n\t\t\t\t<\/div>\n\t\t\t\t<\/div>\n\t\t\t\t<\/div>\n\t\t<div class=\"elementor-element elementor-element-52cf1f8 e-con-full e-flex e-con e-child\" data-id=\"52cf1f8\" data-element_type=\"container\" data-e-type=\"container\">\n\t\t\t\t<div class=\"elementor-element elementor-element-a7b893f elementor-widget elementor-widget-heading\" data-id=\"a7b893f\" data-element_type=\"widget\" data-e-type=\"widget\" data-widget_type=\"heading.default\">\n\t\t\t\t\t<h2 class=\"elementor-heading-title elementor-size-default\">Cont\u00e1ctanos <\/h2>\t\t\t\t<\/div>\n\t\t\t\t<div class=\"elementor-element elementor-element-5b4ad37 elementor-widget elementor-widget-text-editor\" data-id=\"5b4ad37\" data-element_type=\"widget\" data-e-type=\"widget\" data-widget_type=\"text-editor.default\">\n\t\t\t\t\t\t\t\t\t<p>Nuestro equipo est\u00e1 disponible para asesorarte todos los d\u00edas.<\/p>\t\t\t\t\t\t\t\t<\/div>\n\t\t\t\t<div class=\"elementor-element elementor-element-9e34e29 elementor-button-align-stretch elementor-widget elementor-widget-form\" data-id=\"9e34e29\" data-element_type=\"widget\" data-e-type=\"widget\" data-settings=\"{&quot;step_next_label&quot;:&quot;Next&quot;,&quot;step_previous_label&quot;:&quot;Previous&quot;,&quot;button_width&quot;:&quot;100&quot;,&quot;step_type&quot;:&quot;number_text&quot;,&quot;step_icon_shape&quot;:&quot;circle&quot;}\" data-widget_type=\"form.default\">\n\t\t\t\t\t\t\t<form class=\"elementor-form\" method=\"post\" name=\"Contacto\" aria-label=\"Contacto\">\n\t\t\t<input type=\"hidden\" name=\"post_id\" value=\"13683\"\/>\n\t\t\t<input type=\"hidden\" name=\"form_id\" value=\"9e34e29\"\/>\n\t\t\t<input type=\"hidden\" name=\"referer_title\" value=\"\" \/>\n\n\t\t\t\n\t\t\t<div class=\"elementor-form-fields-wrapper elementor-labels-above\">\n\t\t\t\t\t\t\t\t<div class=\"elementor-field-type-text elementor-field-group elementor-column elementor-field-group-name elementor-col-100 elementor-field-required elementor-mark-required\">\n\t\t\t\t\t\t\t\t\t\t\t\t<label for=\"form-field-name\" class=\"elementor-field-label\">\n\t\t\t\t\t\t\t\tNombre\t\t\t\t\t\t\t<\/label>\n\t\t\t\t\t\t\t\t\t\t\t\t\t\t<input size=\"1\" type=\"text\" name=\"form_fields[name]\" id=\"form-field-name\" class=\"elementor-field elementor-size-sm  elementor-field-textual\" placeholder=\"Nombre\" required=\"required\">\n\t\t\t\t\t\t\t\t\t\t\t<\/div>\n\t\t\t\t\t\t\t\t<div class=\"elementor-field-type-email elementor-field-group elementor-column elementor-field-group-email elementor-col-100 elementor-field-required elementor-mark-required\">\n\t\t\t\t\t\t\t\t\t\t\t\t<label for=\"form-field-email\" class=\"elementor-field-label\">\n\t\t\t\t\t\t\t\tEmail\t\t\t\t\t\t\t<\/label>\n\t\t\t\t\t\t\t\t\t\t\t\t\t\t<input size=\"1\" type=\"email\" name=\"form_fields[email]\" id=\"form-field-email\" class=\"elementor-field elementor-size-sm  elementor-field-textual\" placeholder=\"Email\" required=\"required\">\n\t\t\t\t\t\t\t\t\t\t\t<\/div>\n\t\t\t\t\t\t\t\t<div class=\"elementor-field-type-tel elementor-field-group elementor-column elementor-field-group-field_17db132 elementor-col-100\">\n\t\t\t\t\t\t\t\t\t\t\t\t<label for=\"form-field-field_17db132\" class=\"elementor-field-label\">\n\t\t\t\t\t\t\t\tTel\u00e9fono (opcional)\t\t\t\t\t\t\t<\/label>\n\t\t\t\t\t\t\t\t<input size=\"1\" type=\"tel\" name=\"form_fields[field_17db132]\" id=\"form-field-field_17db132\" class=\"elementor-field elementor-size-sm  elementor-field-textual\" pattern=\"[0-9()#&amp;+*-=.]+\" title=\"Only numbers and phone characters (#, -, *, etc) are accepted.\">\n\n\t\t\t\t\t\t<\/div>\n\t\t\t\t\t\t\t\t<div class=\"elementor-field-type-textarea elementor-field-group elementor-column elementor-field-group-message elementor-col-100 elementor-field-required elementor-mark-required\">\n\t\t\t\t\t\t\t\t\t\t\t\t<label for=\"form-field-message\" class=\"elementor-field-label\">\n\t\t\t\t\t\t\t\tMensaje\t\t\t\t\t\t\t<\/label>\n\t\t\t\t\t\t<textarea class=\"elementor-field-textual elementor-field  elementor-size-sm\" name=\"form_fields[message]\" id=\"form-field-message\" rows=\"4\" placeholder=\"Escribe tu texto aqu\u00ed\" required=\"required\"><\/textarea>\t\t\t\t<\/div>\n\t\t\t\t\t\t\t\t<div class=\"elementor-field-type-recaptcha_v3 elementor-field-group elementor-column elementor-field-group-field_ef42393 elementor-col-100 recaptcha_v3-inline\">\n\t\t\t\t\t<div class=\"elementor-field\" id=\"form-field-field_ef42393\"><div class=\"elementor-g-recaptcha\" data-sitekey=\"6LeR7CksAAAAAEESGWAwLu3A_68Ht5juUUo5OO2O\" data-type=\"v3\" data-action=\"Form\" data-badge=\"inline\" data-size=\"invisible\"><\/div><\/div>\t\t\t\t<\/div>\n\t\t\t\t\t\t\t\t<div class=\"elementor-field-group elementor-column elementor-field-type-submit elementor-col-100 e-form__buttons\">\n\t\t\t\t\t<button class=\"elementor-button elementor-size-md\" type=\"submit\">\n\t\t\t\t\t\t<span class=\"elementor-button-content-wrapper\">\n\t\t\t\t\t\t\t\t\t\t\t\t\t\t\t\t\t\t\t\t\t\t<span class=\"elementor-button-text\">Enviar<\/span>\n\t\t\t\t\t\t\t\t\t\t\t\t\t<\/span>\n\t\t\t\t\t<\/button>\n\t\t\t\t<\/div>\n\t\t\t<\/div>\n\t\t<\/form>\n\t\t\t\t\t\t<\/div>\n\t\t\t\t<\/div>\n\t\t\t\t\t<\/div>\n\t\t\t\t<\/div>\n\t\t<div class=\"elementor-element elementor-element-824c5fa e-con-full e-flex e-con e-parent\" data-id=\"824c5fa\" data-element_type=\"container\" data-e-type=\"container\">\n\t\t\t\t<div class=\"elementor-element elementor-element-0fca6c1 elementor-widget elementor-widget-google_maps\" data-id=\"0fca6c1\" data-element_type=\"widget\" data-e-type=\"widget\" data-widget_type=\"google_maps.default\">\n\t\t\t\t\t\t\t<div class=\"elementor-custom-embed\">\n\t\t\t<iframe\n\t\t\t\t\tdata-src=\"https:\/\/maps.google.com\/maps?q=Merle%20Green%20No.%207%2C%20Palenque%2C%20Chiapas%2C%20M%C3%A9xico%2C%20C.P.%2029960.&#038;t=m&#038;z=17&#038;output=embed&#038;iwloc=near\"\n\t\t\t\t\ttitle=\"Merle Green No. 7, Palenque, Chiapas, M\u00e9xico, C.P. 29960.\"\n\t\t\t\t\taria-label=\"Merle Green No. 7, Palenque, Chiapas, M\u00e9xico, C.P. 29960.\"\n\t\t\t src=\"data:image\/svg+xml;base64,PHN2ZyB3aWR0aD0iMSIgaGVpZ2h0PSIxIiB4bWxucz0iaHR0cDovL3d3dy53My5vcmcvMjAwMC9zdmciPjwvc3ZnPg==\" class=\"lazyload\" data-load-mode=\"1\"><\/iframe>\n\t\t<\/div>\n\t\t\t\t\t\t<\/div>\n\t\t\t\t<\/div>\n\t\t<div class=\"elementor-element elementor-element-c9a5632 e-con-full e-flex e-con e-parent\" data-id=\"c9a5632\" data-element_type=\"container\" data-e-type=\"container\">\n\t\t\t\t<div class=\"elementor-element elementor-element-d6a9725 elementor-widget elementor-widget-image\" data-id=\"d6a9725\" data-element_type=\"widget\" data-e-type=\"widget\" data-widget_type=\"image.default\">\n\t\t\t\t\t\t\t\t\t\t\t\t\t\t\t<img decoding=\"async\" width=\"1200\" height=\"810\" data-src=\"https:\/\/hotelchablis.com\/wp-content\/uploads\/2025\/12\/CHABLIS-NOV-2025-80-scaled.jpg\" class=\"attachment-full size-full wp-image-13757 lazyload\" alt=\"\" data-srcset=\"https:\/\/hotelchablis.com\/wp-content\/uploads\/2025\/12\/CHABLIS-NOV-2025-80-scaled.jpg 1200w, https:\/\/hotelchablis.com\/wp-content\/uploads\/2025\/12\/CHABLIS-NOV-2025-80-300x202.jpg 300w, https:\/\/hotelchablis.com\/wp-content\/uploads\/2025\/12\/CHABLIS-NOV-2025-80-1186x800.jpg 1186w, https:\/\/hotelchablis.com\/wp-content\/uploads\/2025\/12\/CHABLIS-NOV-2025-80-768x518.jpg 768w, https:\/\/hotelchablis.com\/wp-content\/uploads\/2025\/12\/CHABLIS-NOV-2025-80-1536x1036.jpg 1536w, https:\/\/hotelchablis.com\/wp-content\/uploads\/2025\/12\/CHABLIS-NOV-2025-80-2048x1382.jpg 2048w\" data-sizes=\"(max-width: 1200px) 100vw, 1200px\" src=\"data:image\/svg+xml;base64,PHN2ZyB3aWR0aD0iMSIgaGVpZ2h0PSIxIiB4bWxucz0iaHR0cDovL3d3dy53My5vcmcvMjAwMC9zdmciPjwvc3ZnPg==\" style=\"--smush-placeholder-width: 1200px; --smush-placeholder-aspect-ratio: 1200\/810;\" \/>\t\t\t\t\t\t\t\t\t\t\t\t\t\t\t<\/div>\n\t\t\t\t<\/div>\n\t\t<div class=\"elementor-element elementor-element-554bc5e e-flex e-con-boxed e-con e-parent\" data-id=\"554bc5e\" data-element_type=\"container\" data-e-type=\"container\">\n\t\t\t\t\t<div class=\"e-con-inner\">\n\t\t\t\t<div class=\"elementor-element elementor-element-6bfcfca elementor-align-center elementor-widget elementor-widget-button\" data-id=\"6bfcfca\" data-element_type=\"widget\" data-e-type=\"widget\" data-widget_type=\"button.default\">\n\t\t\t\t\t\t\t\t\t\t<a class=\"elementor-button elementor-button-link elementor-size-sm\" href=\"#form\">\n\t\t\t\t\t\t<span class=\"elementor-button-content-wrapper\">\n\t\t\t\t\t\t<span class=\"elementor-button-icon\">\n\t\t\t\t<svg aria-hidden=\"true\" class=\"e-font-icon-svg e-fas-angle-double-up\" viewBox=\"0 0 320 512\" xmlns=\"http:\/\/www.w3.org\/2000\/svg\"><path d=\"M177 255.7l136 136c9.4 9.4 9.4 24.6 0 33.9l-22.6 22.6c-9.4 9.4-24.6 9.4-33.9 0L160 351.9l-96.4 96.4c-9.4 9.4-24.6 9.4-33.9 0L7 425.7c-9.4-9.4-9.4-24.6 0-33.9l136-136c9.4-9.5 24.6-9.5 34-.1zm-34-192L7 199.7c-9.4 9.4-9.4 24.6 0 33.9l22.6 22.6c9.4 9.4 24.6 9.4 33.9 0l96.4-96.4 96.4 96.4c9.4 9.4 24.6 9.4 33.9 0l22.6-22.6c9.4-9.4 9.4-24.6 0-33.9l-136-136c-9.2-9.4-24.4-9.4-33.8 0z\"><\/path><\/svg>\t\t\t<\/span>\n\t\t\t\t\t\t\t\t<\/span>\n\t\t\t\t\t<\/a>\n\t\t\t\t\t\t\t\t<\/div>\n\t\t\t\t\t<\/div>\n\t\t\t\t<\/div>\n\t\t\t\t<\/div>\n\t\t","protected":false},"excerpt":{"rendered":"<p>Tu pr\u00f3xima experiencia en Palenque comienza aqu\u00ed Estamos para asesorarte. Escr\u00edbenos\u00a0un mensaje por medio de nuestro formulario de contacto: Ubicaci\u00f3n Merle Green No. 7, Palenque, Chiapas, M\u00e9xico, C.P. 29960. Tel\u00e9fonos +52 916 345 0365 +52 916 345 0870 Email reserva@hotelchablis.com reservas@hotelchablis.com Cont\u00e1ctanos Nuestro equipo est\u00e1 disponible para asesorarte todos los d\u00edas.<\/p>","protected":false},"author":14,"featured_media":0,"parent":0,"menu_order":0,"comment_status":"closed","ping_status":"closed","template":"","meta":{"footnotes":""},"class_list":["post-13683","page","type-page","status-publish","hentry"],"_links":{"self":[{"href":"https:\/\/hotelchablis.com\/en\/wp-json\/wp\/v2\/pages\/13683","targetHints":{"allow":["GET"]}}],"collection":[{"href":"https:\/\/hotelchablis.com\/en\/wp-json\/wp\/v2\/pages"}],"about":[{"href":"https:\/\/hotelchablis.com\/en\/wp-json\/wp\/v2\/types\/page"}],"author":[{"embeddable":true,"href":"https:\/\/hotelchablis.com\/en\/wp-json\/wp\/v2\/users\/14"}],"replies":[{"embeddable":true,"href":"https:\/\/hotelchablis.com\/en\/wp-json\/wp\/v2\/comments?post=13683"}],"version-history":[{"count":88,"href":"https:\/\/hotelchablis.com\/en\/wp-json\/wp\/v2\/pages\/13683\/revisions"}],"predecessor-version":[{"id":14281,"href":"https:\/\/hotelchablis.com\/en\/wp-json\/wp\/v2\/pages\/13683\/revisions\/14281"}],"wp:attachment":[{"href":"https:\/\/hotelchablis.com\/en\/wp-json\/wp\/v2\/media?parent=13683"}],"curies":[{"name":"wp","href":"https:\/\/api.w.org\/{rel}","templated":true}]}}