{"id":13762,"date":"2025-12-13T11:10:47","date_gmt":"2025-12-13T17:10:47","guid":{"rendered":"https:\/\/hotelchablis.com\/?page_id=13762"},"modified":"2025-12-16T12:26:11","modified_gmt":"2025-12-16T18:26:11","slug":"galeria","status":"publish","type":"page","link":"https:\/\/hotelchablis.com\/en\/galeria\/","title":{"rendered":"Galeria"},"content":{"rendered":"<div data-elementor-type=\"wp-page\" data-elementor-id=\"13762\" class=\"elementor elementor-13762\" data-elementor-post-type=\"page\">\n\t\t\t\t<div class=\"elementor-element elementor-element-848058f e-con-full e-flex e-con e-parent\" data-id=\"848058f\" data-element_type=\"container\" data-e-type=\"container\" id=\"video-chablis\">\n\t\t\t\t<div class=\"elementor-element elementor-element-d4928b8 elementor-widget elementor-widget-video\" data-id=\"d4928b8\" data-element_type=\"widget\" data-e-type=\"widget\" data-settings=\"{&quot;youtube_url&quot;:&quot;https:\\\/\\\/www.youtube.com\\\/watch?v=7uhLAxCwmtQ&quot;,&quot;mute&quot;:&quot;yes&quot;,&quot;video_type&quot;:&quot;youtube&quot;,&quot;controls&quot;:&quot;yes&quot;}\" data-widget_type=\"video.default\">\n\t\t\t\t\t\t\t<div class=\"elementor-wrapper elementor-open-inline\">\n\t\t\t<div class=\"elementor-video\"><\/div>\t\t<\/div>\n\t\t\t\t\t\t<\/div>\n\t\t\t\t<\/div>\n\t\t<div class=\"elementor-element elementor-element-1b9b994 e-flex e-con-boxed e-con e-parent\" data-id=\"1b9b994\" data-element_type=\"container\" data-e-type=\"container\">\n\t\t\t\t\t<div class=\"e-con-inner\">\n\t\t\t\t<div class=\"elementor-element elementor-element-5f4cf44 elementor-widget elementor-widget-heading\" data-id=\"5f4cf44\" data-element_type=\"widget\" data-e-type=\"widget\" data-widget_type=\"heading.default\">\n\t\t\t\t\t<h2 class=\"elementor-heading-title elementor-size-default\">Get to know Hotel Chablis Palenque<\/h2>\t\t\t\t<\/div>\n\t\t\t\t<div class=\"elementor-element elementor-element-2433cd0 elementor-widget elementor-widget-text-editor\" data-id=\"2433cd0\" data-element_type=\"widget\" data-e-type=\"widget\" data-widget_type=\"text-editor.default\">\n\t\t\t\t\t\t\t\t\t<p>Hotel Chablis is an accessible lodging option in Palenque, Chiapas. Discover our facilities through our visual gallery and enjoy the best experience at our hotel.<\/p>\t\t\t\t\t\t\t\t<\/div>\n\t\t\t\t\t<\/div>\n\t\t\t\t<\/div>\n\t\t<div class=\"elementor-element elementor-element-7856264 e-con-full e-flex e-con e-parent\" data-id=\"7856264\" data-element_type=\"container\" data-e-type=\"container\">\n\t\t\t\t<div class=\"elementor-element elementor-element-60eb114 elementor-widget elementor-widget-heading\" data-id=\"60eb114\" data-element_type=\"widget\" data-e-type=\"widget\" data-widget_type=\"heading.default\">\n\t\t\t\t\t<h3 class=\"elementor-heading-title elementor-size-default\">Facilities<\/h3>\t\t\t\t<\/div>\n\t\t\t\t<div class=\"elementor-element elementor-element-3793265 elementor-widget elementor-widget-gallery\" data-id=\"3793265\" data-element_type=\"widget\" data-e-type=\"widget\" data-settings=\"{&quot;gap&quot;:{&quot;unit&quot;:&quot;px&quot;,&quot;size&quot;:0,&quot;sizes&quot;:[]},&quot;columns_tablet&quot;:3,&quot;columns_mobile&quot;:2,&quot;gap_tablet&quot;:{&quot;unit&quot;:&quot;px&quot;,&quot;size&quot;:0,&quot;sizes&quot;:[]},&quot;gap_mobile&quot;:{&quot;unit&quot;:&quot;px&quot;,&quot;size&quot;:0,&quot;sizes&quot;:[]},&quot;lazyload&quot;:&quot;yes&quot;,&quot;gallery_layout&quot;:&quot;grid&quot;,&quot;columns&quot;:4,&quot;link_to&quot;:&quot;file&quot;,&quot;aspect_ratio&quot;:&quot;3:2&quot;,&quot;overlay_background&quot;:&quot;yes&quot;,&quot;content_hover_animation&quot;:&quot;fade-in&quot;}\" data-widget_type=\"gallery.default\">\n\t\t\t\t\t\t\t<div class=\"elementor-gallery__container\">\n\t\t\t\t\t\t\t<a class=\"e-gallery-item elementor-gallery-item elementor-animated-content\" href=\"https:\/\/hotelchablis.com\/wp-content\/uploads\/2025\/12\/ALBERCA-HAMACA-CONTRUCCION-scaled.jpg\" data-elementor-open-lightbox=\"yes\" data-elementor-lightbox-slideshow=\"3793265\" data-elementor-lightbox-title=\"ALBERCA_HAMACA\" data-e-action-hash=\"#elementor-action%3Aaction%3Dlightbox%26settings%3DeyJpZCI6MTM1OTksInVybCI6Imh0dHBzOlwvXC9ob3RlbGNoYWJsaXMuY29tXC93cC1jb250ZW50XC91cGxvYWRzXC8yMDI1XC8xMlwvQUxCRVJDQS1IQU1BQ0EtQ09OVFJVQ0NJT04tc2NhbGVkLmpwZyIsInNsaWRlc2hvdyI6IjM3OTMyNjUifQ%3D%3D\">\n\t\t\t\t\t<div class=\"e-gallery-image elementor-gallery-item__image\" data-thumbnail=\"https:\/\/hotelchablis.com\/wp-content\/uploads\/2025\/12\/ALBERCA-HAMACA-CONTRUCCION-scaled.jpg\" data-width=\"1200\" data-height=\"798\" aria-label=\"\" role=\"img\" ><\/div>\n\t\t\t\t\t\t\t\t\t\t\t<div class=\"elementor-gallery-item__overlay\"><\/div>\n\t\t\t\t\t\t\t\t\t\t\t\t\t\t<\/a>\n\t\t\t\t\t\t\t<a class=\"e-gallery-item elementor-gallery-item elementor-animated-content\" href=\"https:\/\/hotelchablis.com\/wp-content\/uploads\/2025\/12\/CHABLIS-NOV-2025-84-scaled.jpg\" data-elementor-open-lightbox=\"yes\" data-elementor-lightbox-slideshow=\"3793265\" data-elementor-lightbox-title=\"HOTEL CHABLIS\" data-e-action-hash=\"#elementor-action%3Aaction%3Dlightbox%26settings%3DeyJpZCI6MTM1OTUsInVybCI6Imh0dHBzOlwvXC9ob3RlbGNoYWJsaXMuY29tXC93cC1jb250ZW50XC91cGxvYWRzXC8yMDI1XC8xMlwvQ0hBQkxJUy1OT1YtMjAyNS04NC1zY2FsZWQuanBnIiwic2xpZGVzaG93IjoiMzc5MzI2NSJ9\">\n\t\t\t\t\t<div class=\"e-gallery-image elementor-gallery-item__image\" data-thumbnail=\"https:\/\/hotelchablis.com\/wp-content\/uploads\/2025\/12\/CHABLIS-NOV-2025-84-scaled.jpg\" data-width=\"1200\" data-height=\"800\" aria-label=\"\" role=\"img\" ><\/div>\n\t\t\t\t\t\t\t\t\t\t\t<div class=\"elementor-gallery-item__overlay\"><\/div>\n\t\t\t\t\t\t\t\t\t\t\t\t\t\t<\/a>\n\t\t\t\t\t\t\t<a class=\"e-gallery-item elementor-gallery-item elementor-animated-content\" href=\"https:\/\/hotelchablis.com\/wp-content\/uploads\/2025\/12\/JACUZZI-ESCALERAS-scaled.jpg\" data-elementor-open-lightbox=\"yes\" data-elementor-lightbox-slideshow=\"3793265\" data-elementor-lightbox-title=\"JACUZZI ESCALERAS\" data-e-action-hash=\"#elementor-action%3Aaction%3Dlightbox%26settings%3DeyJpZCI6MTM1OTMsInVybCI6Imh0dHBzOlwvXC9ob3RlbGNoYWJsaXMuY29tXC93cC1jb250ZW50XC91cGxvYWRzXC8yMDI1XC8xMlwvSkFDVVpaSS1FU0NBTEVSQVMtc2NhbGVkLmpwZyIsInNsaWRlc2hvdyI6IjM3OTMyNjUifQ%3D%3D\">\n\t\t\t\t\t<div class=\"e-gallery-image elementor-gallery-item__image\" data-thumbnail=\"https:\/\/hotelchablis.com\/wp-content\/uploads\/2025\/12\/JACUZZI-ESCALERAS-scaled.jpg\" data-width=\"1200\" data-height=\"801\" aria-label=\"\" role=\"img\" ><\/div>\n\t\t\t\t\t\t\t\t\t\t\t<div class=\"elementor-gallery-item__overlay\"><\/div>\n\t\t\t\t\t\t\t\t\t\t\t\t\t\t<\/a>\n\t\t\t\t\t\t\t<a class=\"e-gallery-item elementor-gallery-item elementor-animated-content\" href=\"https:\/\/hotelchablis.com\/wp-content\/uploads\/2025\/12\/HAMACA-ALBERCA-scaled.jpg\" data-elementor-open-lightbox=\"yes\" data-elementor-lightbox-slideshow=\"3793265\" data-elementor-lightbox-title=\"HAMACA ALBERCA\" data-e-action-hash=\"#elementor-action%3Aaction%3Dlightbox%26settings%3DeyJpZCI6MTM1ODksInVybCI6Imh0dHBzOlwvXC9ob3RlbGNoYWJsaXMuY29tXC93cC1jb250ZW50XC91cGxvYWRzXC8yMDI1XC8xMlwvSEFNQUNBLUFMQkVSQ0Etc2NhbGVkLmpwZyIsInNsaWRlc2hvdyI6IjM3OTMyNjUifQ%3D%3D\">\n\t\t\t\t\t<div class=\"e-gallery-image elementor-gallery-item__image\" data-thumbnail=\"https:\/\/hotelchablis.com\/wp-content\/uploads\/2025\/12\/HAMACA-ALBERCA-scaled.jpg\" data-width=\"1200\" data-height=\"812\" aria-label=\"\" role=\"img\" ><\/div>\n\t\t\t\t\t\t\t\t\t\t\t<div class=\"elementor-gallery-item__overlay\"><\/div>\n\t\t\t\t\t\t\t\t\t\t\t\t\t\t<\/a>\n\t\t\t\t\t\t\t<a class=\"e-gallery-item elementor-gallery-item elementor-animated-content\" href=\"https:\/\/hotelchablis.com\/wp-content\/uploads\/2025\/12\/AREA-VERDE-1-scaled.jpg\" data-elementor-open-lightbox=\"yes\" data-elementor-lightbox-slideshow=\"3793265\" data-elementor-lightbox-title=\"AREA VERDE 1\" data-e-action-hash=\"#elementor-action%3Aaction%3Dlightbox%26settings%3DeyJpZCI6MTM1NzYsInVybCI6Imh0dHBzOlwvXC9ob3RlbGNoYWJsaXMuY29tXC93cC1jb250ZW50XC91cGxvYWRzXC8yMDI1XC8xMlwvQVJFQS1WRVJERS0xLXNjYWxlZC5qcGciLCJzbGlkZXNob3ciOiIzNzkzMjY1In0%3D\">\n\t\t\t\t\t<div class=\"e-gallery-image elementor-gallery-item__image\" data-thumbnail=\"https:\/\/hotelchablis.com\/wp-content\/uploads\/2025\/12\/AREA-VERDE-1-scaled.jpg\" data-width=\"1200\" data-height=\"807\" aria-label=\"\" role=\"img\" ><\/div>\n\t\t\t\t\t\t\t\t\t\t\t<div class=\"elementor-gallery-item__overlay\"><\/div>\n\t\t\t\t\t\t\t\t\t\t\t\t\t\t<\/a>\n\t\t\t\t\t\t\t<a class=\"e-gallery-item elementor-gallery-item elementor-animated-content\" href=\"https:\/\/hotelchablis.com\/wp-content\/uploads\/2025\/12\/PASILLO-ESCALERA-C-scaled.jpg\" data-elementor-open-lightbox=\"yes\" data-elementor-lightbox-slideshow=\"3793265\" data-elementor-lightbox-title=\"PASILLO ESCALERA C\" data-e-action-hash=\"#elementor-action%3Aaction%3Dlightbox%26settings%3DeyJpZCI6MTM1NjMsInVybCI6Imh0dHBzOlwvXC9ob3RlbGNoYWJsaXMuY29tXC93cC1jb250ZW50XC91cGxvYWRzXC8yMDI1XC8xMlwvUEFTSUxMTy1FU0NBTEVSQS1DLXNjYWxlZC5qcGciLCJzbGlkZXNob3ciOiIzNzkzMjY1In0%3D\">\n\t\t\t\t\t<div class=\"e-gallery-image elementor-gallery-item__image\" data-thumbnail=\"https:\/\/hotelchablis.com\/wp-content\/uploads\/2025\/12\/PASILLO-ESCALERA-C-scaled.jpg\" data-width=\"1200\" data-height=\"790\" aria-label=\"\" role=\"img\" ><\/div>\n\t\t\t\t\t\t\t\t\t\t\t<div class=\"elementor-gallery-item__overlay\"><\/div>\n\t\t\t\t\t\t\t\t\t\t\t\t\t\t<\/a>\n\t\t\t\t\t\t\t<a class=\"e-gallery-item elementor-gallery-item elementor-animated-content\" href=\"https:\/\/hotelchablis.com\/wp-content\/uploads\/2025\/12\/JACUZZI-CIELO-scaled.jpg\" data-elementor-open-lightbox=\"yes\" data-elementor-lightbox-slideshow=\"3793265\" data-elementor-lightbox-title=\"JACUZZI CIELO\" data-e-action-hash=\"#elementor-action%3Aaction%3Dlightbox%26settings%3DeyJpZCI6MTM1NDEsInVybCI6Imh0dHBzOlwvXC9ob3RlbGNoYWJsaXMuY29tXC93cC1jb250ZW50XC91cGxvYWRzXC8yMDI1XC8xMlwvSkFDVVpaSS1DSUVMTy1zY2FsZWQuanBnIiwic2xpZGVzaG93IjoiMzc5MzI2NSJ9\">\n\t\t\t\t\t<div class=\"e-gallery-image elementor-gallery-item__image\" data-thumbnail=\"https:\/\/hotelchablis.com\/wp-content\/uploads\/2025\/12\/JACUZZI-CIELO-scaled.jpg\" data-width=\"1200\" data-height=\"798\" aria-label=\"\" role=\"img\" ><\/div>\n\t\t\t\t\t\t\t\t\t\t\t<div class=\"elementor-gallery-item__overlay\"><\/div>\n\t\t\t\t\t\t\t\t\t\t\t\t\t\t<\/a>\n\t\t\t\t\t\t\t<a class=\"e-gallery-item elementor-gallery-item elementor-animated-content\" href=\"https:\/\/hotelchablis.com\/wp-content\/uploads\/2025\/12\/CHABLIS-NOV-2025-78-1-scaled.jpg\" data-elementor-open-lightbox=\"yes\" data-elementor-lightbox-slideshow=\"3793265\" data-elementor-lightbox-title=\"HOTEL CHABLIS PANORAMICA\" data-e-action-hash=\"#elementor-action%3Aaction%3Dlightbox%26settings%3DeyJpZCI6MTM0ODEsInVybCI6Imh0dHBzOlwvXC9ob3RlbGNoYWJsaXMuY29tXC93cC1jb250ZW50XC91cGxvYWRzXC8yMDI1XC8xMlwvQ0hBQkxJUy1OT1YtMjAyNS03OC0xLXNjYWxlZC5qcGciLCJzbGlkZXNob3ciOiIzNzkzMjY1In0%3D\">\n\t\t\t\t\t<div class=\"e-gallery-image elementor-gallery-item__image\" data-thumbnail=\"https:\/\/hotelchablis.com\/wp-content\/uploads\/2025\/12\/CHABLIS-NOV-2025-78-1-scaled.jpg\" data-width=\"1200\" data-height=\"583\" aria-label=\"Hotel Chablis Palenque Interior\" role=\"img\" ><\/div>\n\t\t\t\t\t\t\t\t\t\t\t<div class=\"elementor-gallery-item__overlay\"><\/div>\n\t\t\t\t\t\t\t\t\t\t\t\t\t\t<\/a>\n\t\t\t\t\t<\/div>\n\t\t\t\t\t<\/div>\n\t\t\t\t<\/div>\n\t\t<div class=\"elementor-element elementor-element-303a565 e-con-full e-flex e-con e-parent\" data-id=\"303a565\" data-element_type=\"container\" data-e-type=\"container\">\n\t\t\t\t<div class=\"elementor-element elementor-element-4d6af58 elementor-widget elementor-widget-heading\" data-id=\"4d6af58\" data-element_type=\"widget\" data-e-type=\"widget\" data-widget_type=\"heading.default\">\n\t\t\t\t\t<h3 class=\"elementor-heading-title elementor-size-default\">Restaurant<\/h3>\t\t\t\t<\/div>\n\t\t\t\t<div class=\"elementor-element elementor-element-61cd903 elementor-widget elementor-widget-gallery\" data-id=\"61cd903\" data-element_type=\"widget\" data-e-type=\"widget\" data-settings=\"{&quot;gap&quot;:{&quot;unit&quot;:&quot;px&quot;,&quot;size&quot;:0,&quot;sizes&quot;:[]},&quot;columns_tablet&quot;:3,&quot;columns_mobile&quot;:2,&quot;gap_tablet&quot;:{&quot;unit&quot;:&quot;px&quot;,&quot;size&quot;:0,&quot;sizes&quot;:[]},&quot;gap_mobile&quot;:{&quot;unit&quot;:&quot;px&quot;,&quot;size&quot;:0,&quot;sizes&quot;:[]},&quot;lazyload&quot;:&quot;yes&quot;,&quot;gallery_layout&quot;:&quot;grid&quot;,&quot;columns&quot;:4,&quot;link_to&quot;:&quot;file&quot;,&quot;aspect_ratio&quot;:&quot;3:2&quot;,&quot;overlay_background&quot;:&quot;yes&quot;,&quot;content_hover_animation&quot;:&quot;fade-in&quot;}\" data-widget_type=\"gallery.default\">\n\t\t\t\t\t\t\t<div class=\"elementor-gallery__container\">\n\t\t\t\t\t\t\t<a class=\"e-gallery-item elementor-gallery-item elementor-animated-content\" href=\"https:\/\/hotelchablis.com\/wp-content\/uploads\/2025\/12\/CHABLIS-NOV-2025-112-scaled.jpg\" data-elementor-open-lightbox=\"yes\" data-elementor-lightbox-slideshow=\"61cd903\" data-elementor-lightbox-title=\"HOTEL CHABLIS ZONA CAMASTROS\" data-e-action-hash=\"#elementor-action%3Aaction%3Dlightbox%26settings%3DeyJpZCI6MTM1NzUsInVybCI6Imh0dHBzOlwvXC9ob3RlbGNoYWJsaXMuY29tXC93cC1jb250ZW50XC91cGxvYWRzXC8yMDI1XC8xMlwvQ0hBQkxJUy1OT1YtMjAyNS0xMTItc2NhbGVkLmpwZyIsInNsaWRlc2hvdyI6IjYxY2Q5MDMifQ%3D%3D\">\n\t\t\t\t\t<div class=\"e-gallery-image elementor-gallery-item__image\" data-thumbnail=\"https:\/\/hotelchablis.com\/wp-content\/uploads\/2025\/12\/CHABLIS-NOV-2025-112-scaled.jpg\" data-width=\"1200\" data-height=\"802\" aria-label=\"\" role=\"img\" ><\/div>\n\t\t\t\t\t\t\t\t\t\t\t<div class=\"elementor-gallery-item__overlay\"><\/div>\n\t\t\t\t\t\t\t\t\t\t\t\t\t\t<\/a>\n\t\t\t\t\t\t\t<a class=\"e-gallery-item elementor-gallery-item elementor-animated-content\" href=\"https:\/\/hotelchablis.com\/wp-content\/uploads\/2025\/12\/RECEPCION-scaled.jpg\" data-elementor-open-lightbox=\"yes\" data-elementor-lightbox-slideshow=\"61cd903\" data-elementor-lightbox-title=\"RECEPCION\" data-e-action-hash=\"#elementor-action%3Aaction%3Dlightbox%26settings%3DeyJpZCI6MTM1NzQsInVybCI6Imh0dHBzOlwvXC9ob3RlbGNoYWJsaXMuY29tXC93cC1jb250ZW50XC91cGxvYWRzXC8yMDI1XC8xMlwvUkVDRVBDSU9OLXNjYWxlZC5qcGciLCJzbGlkZXNob3ciOiI2MWNkOTAzIn0%3D\">\n\t\t\t\t\t<div class=\"e-gallery-image elementor-gallery-item__image\" data-thumbnail=\"https:\/\/hotelchablis.com\/wp-content\/uploads\/2025\/12\/RECEPCION-scaled.jpg\" data-width=\"1200\" data-height=\"831\" aria-label=\"\" role=\"img\" ><\/div>\n\t\t\t\t\t\t\t\t\t\t\t<div class=\"elementor-gallery-item__overlay\"><\/div>\n\t\t\t\t\t\t\t\t\t\t\t\t\t\t<\/a>\n\t\t\t\t\t\t\t<a class=\"e-gallery-item elementor-gallery-item elementor-animated-content\" href=\"https:\/\/hotelchablis.com\/wp-content\/uploads\/2025\/12\/KINICH-2-scaled.jpg\" data-elementor-open-lightbox=\"yes\" data-elementor-lightbox-slideshow=\"61cd903\" data-elementor-lightbox-title=\"KINICH 2\" data-e-action-hash=\"#elementor-action%3Aaction%3Dlightbox%26settings%3DeyJpZCI6MTM1MzMsInVybCI6Imh0dHBzOlwvXC9ob3RlbGNoYWJsaXMuY29tXC93cC1jb250ZW50XC91cGxvYWRzXC8yMDI1XC8xMlwvS0lOSUNILTItc2NhbGVkLmpwZyIsInNsaWRlc2hvdyI6IjYxY2Q5MDMifQ%3D%3D\">\n\t\t\t\t\t<div class=\"e-gallery-image elementor-gallery-item__image\" data-thumbnail=\"https:\/\/hotelchablis.com\/wp-content\/uploads\/2025\/12\/KINICH-2-scaled.jpg\" data-width=\"1200\" data-height=\"824\" aria-label=\"\" role=\"img\" ><\/div>\n\t\t\t\t\t\t\t\t\t\t\t<div class=\"elementor-gallery-item__overlay\"><\/div>\n\t\t\t\t\t\t\t\t\t\t\t\t\t\t<\/a>\n\t\t\t\t\t\t\t<a class=\"e-gallery-item elementor-gallery-item elementor-animated-content\" href=\"https:\/\/hotelchablis.com\/wp-content\/uploads\/2025\/12\/CHABLIS-NOV-2025-50-scaled.jpg\" data-elementor-open-lightbox=\"yes\" data-elementor-lightbox-slideshow=\"61cd903\" data-elementor-lightbox-title=\"HOTEL CHABLIS PALENQUE FACHADA\" data-e-action-hash=\"#elementor-action%3Aaction%3Dlightbox%26settings%3DeyJpZCI6MTM3ODgsInVybCI6Imh0dHBzOlwvXC9ob3RlbGNoYWJsaXMuY29tXC93cC1jb250ZW50XC91cGxvYWRzXC8yMDI1XC8xMlwvQ0hBQkxJUy1OT1YtMjAyNS01MC1zY2FsZWQuanBnIiwic2xpZGVzaG93IjoiNjFjZDkwMyJ9\">\n\t\t\t\t\t<div class=\"e-gallery-image elementor-gallery-item__image\" data-thumbnail=\"https:\/\/hotelchablis.com\/wp-content\/uploads\/2025\/12\/CHABLIS-NOV-2025-50-scaled.jpg\" data-width=\"1200\" data-height=\"802\" aria-label=\"\" role=\"img\" ><\/div>\n\t\t\t\t\t\t\t\t\t\t\t<div class=\"elementor-gallery-item__overlay\"><\/div>\n\t\t\t\t\t\t\t\t\t\t\t\t\t\t<\/a>\n\t\t\t\t\t\t\t<a class=\"e-gallery-item elementor-gallery-item elementor-animated-content\" href=\"https:\/\/hotelchablis.com\/wp-content\/uploads\/2025\/12\/KINICH-scaled.jpg\" data-elementor-open-lightbox=\"yes\" data-elementor-lightbox-slideshow=\"61cd903\" data-elementor-lightbox-title=\"KINICH\" data-e-action-hash=\"#elementor-action%3Aaction%3Dlightbox%26settings%3DeyJpZCI6MTM3OTAsInVybCI6Imh0dHBzOlwvXC9ob3RlbGNoYWJsaXMuY29tXC93cC1jb250ZW50XC91cGxvYWRzXC8yMDI1XC8xMlwvS0lOSUNILXNjYWxlZC5qcGciLCJzbGlkZXNob3ciOiI2MWNkOTAzIn0%3D\">\n\t\t\t\t\t<div class=\"e-gallery-image elementor-gallery-item__image\" data-thumbnail=\"https:\/\/hotelchablis.com\/wp-content\/uploads\/2025\/12\/KINICH-scaled.jpg\" data-width=\"1200\" data-height=\"813\" aria-label=\"\" role=\"img\" ><\/div>\n\t\t\t\t\t\t\t\t\t\t\t<div class=\"elementor-gallery-item__overlay\"><\/div>\n\t\t\t\t\t\t\t\t\t\t\t\t\t\t<\/a>\n\t\t\t\t\t\t\t<a class=\"e-gallery-item elementor-gallery-item elementor-animated-content\" href=\"https:\/\/hotelchablis.com\/wp-content\/uploads\/2025\/12\/KINICH-1-scaled.jpg\" data-elementor-open-lightbox=\"yes\" data-elementor-lightbox-slideshow=\"61cd903\" data-elementor-lightbox-title=\"KINICH 1\" data-e-action-hash=\"#elementor-action%3Aaction%3Dlightbox%26settings%3DeyJpZCI6MTM3OTEsInVybCI6Imh0dHBzOlwvXC9ob3RlbGNoYWJsaXMuY29tXC93cC1jb250ZW50XC91cGxvYWRzXC8yMDI1XC8xMlwvS0lOSUNILTEtc2NhbGVkLmpwZyIsInNsaWRlc2hvdyI6IjYxY2Q5MDMifQ%3D%3D\">\n\t\t\t\t\t<div class=\"e-gallery-image elementor-gallery-item__image\" data-thumbnail=\"https:\/\/hotelchablis.com\/wp-content\/uploads\/2025\/12\/KINICH-1-scaled.jpg\" data-width=\"1200\" data-height=\"797\" aria-label=\"\" role=\"img\" ><\/div>\n\t\t\t\t\t\t\t\t\t\t\t<div class=\"elementor-gallery-item__overlay\"><\/div>\n\t\t\t\t\t\t\t\t\t\t\t\t\t\t<\/a>\n\t\t\t\t\t<\/div>\n\t\t\t\t\t<\/div>\n\t\t\t\t<\/div>\n\t\t<div class=\"elementor-element elementor-element-50e9ae3 e-flex e-con-boxed e-con e-parent\" data-id=\"50e9ae3\" data-element_type=\"container\" data-e-type=\"container\">\n\t\t\t\t\t<div class=\"e-con-inner\">\n\t\t\t\t<div class=\"elementor-element elementor-element-4b8be45 elementor-align-center elementor-widget elementor-widget-button\" data-id=\"4b8be45\" data-element_type=\"widget\" data-e-type=\"widget\" data-widget_type=\"button.default\">\n\t\t\t\t\t\t\t\t\t\t<a class=\"elementor-button elementor-button-link elementor-size-sm\" href=\"#video-chablis\">\n\t\t\t\t\t\t<span class=\"elementor-button-content-wrapper\">\n\t\t\t\t\t\t<span class=\"elementor-button-icon\">\n\t\t\t\t<svg aria-hidden=\"true\" class=\"e-font-icon-svg e-fas-angle-double-up\" viewbox=\"0 0 320 512\" xmlns=\"http:\/\/www.w3.org\/2000\/svg\"><path d=\"M177 255.7l136 136c9.4 9.4 9.4 24.6 0 33.9l-22.6 22.6c-9.4 9.4-24.6 9.4-33.9 0L160 351.9l-96.4 96.4c-9.4 9.4-24.6 9.4-33.9 0L7 425.7c-9.4-9.4-9.4-24.6 0-33.9l136-136c9.4-9.5 24.6-9.5 34-.1zm-34-192L7 199.7c-9.4 9.4-9.4 24.6 0 33.9l22.6 22.6c9.4 9.4 24.6 9.4 33.9 0l96.4-96.4 96.4 96.4c9.4 9.4 24.6 9.4 33.9 0l22.6-22.6c9.4-9.4 9.4-24.6 0-33.9l-136-136c-9.2-9.4-24.4-9.4-33.8 0z\"><\/path><\/svg>\t\t\t<\/span>\n\t\t\t\t\t\t\t\t<\/span>\n\t\t\t\t\t<\/a>\n\t\t\t\t\t\t\t\t<\/div>\n\t\t\t\t\t<\/div>\n\t\t\t\t<\/div>\n\t\t\t\t<\/div>","protected":false},"excerpt":{"rendered":"<p>https:\/\/www.youtube.com\/watch?v=7uhLAxCwmtQ Conozca al Hotel Chablis Palenque Hotel Chablis es una opci\u00f3n accesible de hospedaje en Palenque, Chiapas. Descubra nuestras instalaciones a trav\u00e9s de nuestra Galer\u00eda Visual y viva la mejor experiencia en nuestro hotel. Instalaciones Restaurante<\/p>","protected":false},"author":14,"featured_media":0,"parent":0,"menu_order":0,"comment_status":"closed","ping_status":"closed","template":"","meta":{"footnotes":""},"class_list":["post-13762","page","type-page","status-publish","hentry"],"_links":{"self":[{"href":"https:\/\/hotelchablis.com\/en\/wp-json\/wp\/v2\/pages\/13762","targetHints":{"allow":["GET"]}}],"collection":[{"href":"https:\/\/hotelchablis.com\/en\/wp-json\/wp\/v2\/pages"}],"about":[{"href":"https:\/\/hotelchablis.com\/en\/wp-json\/wp\/v2\/types\/page"}],"author":[{"embeddable":true,"href":"https:\/\/hotelchablis.com\/en\/wp-json\/wp\/v2\/users\/14"}],"replies":[{"embeddable":true,"href":"https:\/\/hotelchablis.com\/en\/wp-json\/wp\/v2\/comments?post=13762"}],"version-history":[{"count":34,"href":"https:\/\/hotelchablis.com\/en\/wp-json\/wp\/v2\/pages\/13762\/revisions"}],"predecessor-version":[{"id":14162,"href":"https:\/\/hotelchablis.com\/en\/wp-json\/wp\/v2\/pages\/13762\/revisions\/14162"}],"wp:attachment":[{"href":"https:\/\/hotelchablis.com\/en\/wp-json\/wp\/v2\/media?parent=13762"}],"curies":[{"name":"wp","href":"https:\/\/api.w.org\/{rel}","templated":true}]}}